{"id":201,"date":"2023-11-21T18:15:05","date_gmt":"2023-11-21T18:15:05","guid":{"rendered":"http:\/\/mushara.es\/?page_id=201"},"modified":"2024-02-19T17:06:10","modified_gmt":"2024-02-19T17:06:10","slug":"zepa-llanos-de-trujillo","status":"publish","type":"page","link":"https:\/\/mushara.es\/?page_id=201","title":{"rendered":"ZEPA-Llanos de Trujillo"},"content":{"rendered":"\n<p>El enclave en el que se encuentra ubicado Mushara, es de especial inter\u00e9s ornitol\u00f3gico. Ubicado en la meseta trujillano-cacere\u00f1a, alberga la ZEPA Llanos de Trujillo. <\/p>\n\n\n\n<p>Entre algunas de las especies que podemos encontrar  se hallan la Avutarda, Sis\u00f3n, Aguilucho cenizo, Cern\u00edcalo primilla, Milano real, Milano negro, Cr\u00edalo, Alcarav\u00e1n, Ganga ortega, Gorri\u00f3n moruno, Alcaud\u00f3n com\u00fan, Calandria, Cogujadas,\u2026<\/p>\n\n\n\n<p>Este espacio, queda conectado a trav\u00e9s del r\u00edo Magasca con la ZEPA Riberos del Almonte y muy pr\u00f3ximo a otras ZEPAS como Colonias de Cern\u00edcalo Primilla de Trujillo, Los Llanos de Zorita y Embalse de Sierra Brava o Monfrag\u00fce y las Dehesas del entorno. <\/p>\n\n\n\n<p>Puedes consultar m\u00e1s informaci\u00f3n en <a href=\"https:\/\/www.iberoaves.com\/\" class=\"ek-link\">Iberoaves<\/a><\/p>\n","protected":false},"excerpt":{"rendered":"<p>El enclave en el que se encuentra ubicado Mushara, es de especial inter\u00e9s ornitol\u00f3gico. Ubicado en la meseta trujillano-cacere\u00f1a, alberga la ZEPA Llanos de Trujillo. Entre algunas de las especies que podemos encontrar se hallan la Avutarda, Sis\u00f3n, Aguilucho cenizo, Cern\u00edcalo primilla, Milano real, Milano negro, Cr\u00edalo, Alcarav\u00e1n, Ganga ortega, Gorri\u00f3n moruno, Alcaud\u00f3n com\u00fan, Calandria, [&hellip;]<\/p>\n","protected":false},"author":1,"featured_media":202,"parent":0,"menu_order":0,"comment_status":"closed","ping_status":"closed","template":"","meta":{"_editorskit_title_hidden":false,"_editorskit_reading_time":0,"_editorskit_is_block_options_detached":false,"_editorskit_block_options_position":"{}","footnotes":""},"class_list":["post-201","page","type-page","status-publish","has-post-thumbnail","hentry"],"_links":{"self":[{"href":"https:\/\/mushara.es\/index.php?rest_route=\/wp\/v2\/pages\/201","targetHints":{"allow":["GET"]}}],"collection":[{"href":"https:\/\/mushara.es\/index.php?rest_route=\/wp\/v2\/pages"}],"about":[{"href":"https:\/\/mushara.es\/index.php?rest_route=\/wp\/v2\/types\/page"}],"author":[{"embeddable":true,"href":"https:\/\/mushara.es\/index.php?rest_route=\/wp\/v2\/users\/1"}],"replies":[{"embeddable":true,"href":"https:\/\/mushara.es\/index.php?rest_route=%2Fwp%2Fv2%2Fcomments&post=201"}],"version-history":[{"count":4,"href":"https:\/\/mushara.es\/index.php?rest_route=\/wp\/v2\/pages\/201\/revisions"}],"predecessor-version":[{"id":250,"href":"https:\/\/mushara.es\/index.php?rest_route=\/wp\/v2\/pages\/201\/revisions\/250"}],"wp:featuredmedia":[{"embeddable":true,"href":"https:\/\/mushara.es\/index.php?rest_route=\/wp\/v2\/media\/202"}],"wp:attachment":[{"href":"https:\/\/mushara.es\/index.php?rest_route=%2Fwp%2Fv2%2Fmedia&parent=201"}],"curies":[{"name":"wp","href":"https:\/\/api.w.org\/{rel}","templated":true}]}}